{"id":998784,"date":"2024-12-30T10:36:01","date_gmt":"2024-12-30T09:36:01","guid":{"rendered":"https:\/\/www.aldivia.com\/terms-of-use\/"},"modified":"2026-04-22T21:38:51","modified_gmt":"2026-04-22T19:38:51","slug":"terms-of-use","status":"publish","type":"page","link":"https:\/\/www.aldivia.com\/en\/terms-of-use\/","title":{"rendered":"Legal Notice"},"content":{"rendered":"\t\t<div data-elementor-type=\"wp-page\" data-elementor-id=\"998784\" class=\"elementor elementor-998784 elementor-993386\" data-elementor-post-type=\"page\">\n\t\t\t\t<div class=\"elementor-element elementor-element-9f1219d e-flex e-con-boxed e-con e-parent\" data-id=\"9f1219d\" data-element_type=\"container\" data-e-type=\"container\">\n\t\t\t\t\t<div class=\"e-con-inner\">\n\t\t\t\t<div class=\"elementor-element elementor-element-d74298f elementor-widget elementor-widget-heading\" data-id=\"d74298f\" data-element_type=\"widget\" data-e-type=\"widget\" data-widget_type=\"heading.default\">\n\t\t\t\t<div class=\"elementor-widget-container\">\n\t\t\t\t\t<h2 class=\"elementor-heading-title elementor-size-default\">Legal Notice<\/h2>\t\t\t\t<\/div>\n\t\t\t\t<\/div>\n\t\t\t\t\t<\/div>\n\t\t\t\t<\/div>\n\t\t<div class=\"elementor-element elementor-element-18dcd2e e-flex e-con-boxed e-con e-parent\" data-id=\"18dcd2e\" data-element_type=\"container\" data-e-type=\"container\">\n\t\t\t\t\t<div class=\"e-con-inner\">\n\t\t\t\t<div class=\"vamtam-has-theme-widget-styles elementor-element elementor-element-9982c95 elementor-widget elementor-widget-text-editor\" data-id=\"9982c95\" data-element_type=\"widget\" data-e-type=\"widget\" data-widget_type=\"text-editor.default\">\n\t\t\t\t<div class=\"elementor-widget-container\">\n\t\t\t\t\t\t\t\t\t<p><strong>Site publication:<\/strong> Pursuant to <a href=\"https:\/\/www.legifrance.gouv.fr\/affichTexte.do?cidTexte=JORFTEXT000000801164#LEGIARTI000042038977\" target=\"_blank\" rel=\"noreferrer noopener\">article 6 of Law no. 2004-575 of June 21, 2004<\/a> on confidence in the digital economy, users of the website <strong><span class=\"ff_dynamic_value\" data-ref=\"url\" data-fallback=\"\">https:\/\/www.aldivia.com\/<\/span><\/strong> are hereby informed that the parties involved in its creation and operation are as follows :<\/p><p><strong>Site owner : <\/strong><span class=\"ff_dynamic_value\" data-ref=\"nom_proprietaire\" data-fallback=\"\">Mr Pierre Charlier de Chily, pr\u00e9sident de la soci\u00e9t\u00e9 Aldivia<sup>\u00a9<\/sup><\/span> &#8211; <strong>Contact :<\/strong> <span class=\"ff_dynamic_value\" data-ref=\"e_mail_contact\" data-fallback=\"\">info@aldivia.com.<\/span><\/p><p><strong>Company details :<\/strong> <span class=\"ff_dynamic_value\" data-ref=\"forme_juridique\" data-fallback=\"\">SAS<\/span><span class=\"ff_dynamic_value\" data-ref=\"nom_proprietaire\" data-fallback=\"\"> Aldivia<sup>\u00a9,<\/sup><\/span> represented by Mr Pierre Charlier de Chily, (President) with a share capital of \u20ac67,995.60 &#8211; SIREN : <span class=\"ff_dynamic_value\" data-ref=\"siren\" data-fallback=\"\">428229074<\/span> &#8211; Registered address: 49 CHEMIN DES SOURCES BP no.1 , 69230 SAINT-GENIS-LAVAL France.<\/p><p><strong>Publication manager : <\/strong>Mr Pierre Charlier de Chily<\/p><p><strong>Hosting provider : <\/strong>Ice Development<\/p><p><strong>Data protection officer : <\/strong>Mr Pierre Charlier de Chily<\/p>\t\t\t\t\t\t\t\t<\/div>\n\t\t\t\t<\/div>\n\t\t\t\t\t<\/div>\n\t\t\t\t<\/div>\n\t\t<div class=\"elementor-element elementor-element-7706527 e-flex e-con-boxed e-con e-parent\" data-id=\"7706527\" data-element_type=\"container\" data-e-type=\"container\">\n\t\t\t\t\t<div class=\"e-con-inner\">\n\t\t\t\t<div class=\"vamtam-has-theme-widget-styles elementor-element elementor-element-c3c900c elementor-widget elementor-widget-text-editor\" data-id=\"c3c900c\" data-element_type=\"widget\" data-e-type=\"widget\" data-widget_type=\"text-editor.default\">\n\t\t\t\t<div class=\"elementor-widget-container\">\n\t\t\t\t\t\t\t\t\t<p><strong><span class=\"ff_dynamic_value\" data-ref=\"nom_proprietaire\" data-fallback=\"\">Intellectual property : <\/span><\/strong><span class=\"ff_dynamic_value\" data-ref=\"nom_proprietaire\" data-fallback=\"\">Mr Pierre Charlier de Chily, President of Aldivia<sup>\u00a9<\/sup><\/span>, holds all intellectual property rights and usage rights over all content accessible on the website, including texts, images, graphics, logos, videos, site architecture, icons and sounds.<\/p><p>Any reproduction, representation, modification, publication, adaptation of all or part of the site&#8217;s content, by any means or process whatsoever, is strictly prohibited without the prior written authorization of <span class=\"ff_dynamic_value\" data-ref=\"nom_proprietaire\" data-fallback=\"\">Mr Pierre Charlier de Chily, President of Aldivia<sup>\u00a9<\/sup><\/span>.<\/p><p>Any unauthorized use of the site or any of the content will be deemed to constitute an infringement and will be prosecuted in accordance with articles <a href=\"https:\/\/www.legifrance.gouv.fr\/affichCodeArticle.do?idArticle=LEGIARTI000032655082&amp;cidTexte=LEGITEXT000006069414&amp;dateTexte=20160605\" target=\"_blank\" rel=\"noreferrer nofollow noopener\">L.335-2 et seq. of the French Intellectual Property Code<\/a>.<\/p>\t\t\t\t\t\t\t\t<\/div>\n\t\t\t\t<\/div>\n\t\t\t\t\t<\/div>\n\t\t\t\t<\/div>\n\t\t<div class=\"elementor-element elementor-element-1e049fa e-flex e-con-boxed e-con e-parent\" data-id=\"1e049fa\" data-element_type=\"container\" data-e-type=\"container\">\n\t\t\t\t\t<div class=\"e-con-inner\">\n\t\t\t\t<div class=\"vamtam-has-theme-widget-styles elementor-element elementor-element-bd28e24 elementor-widget elementor-widget-text-editor\" data-id=\"bd28e24\" data-element_type=\"widget\" data-e-type=\"widget\" data-widget_type=\"text-editor.default\">\n\t\t\t\t<div class=\"elementor-widget-container\">\n\t\t\t\t\t\t\t\t\t<p><strong><span class=\"ff_dynamic_value\" data-ref=\"nom_proprietaire\" data-fallback=\"\">Limitation of liability :<\/span><\/strong><\/p><p><span class=\"ff_dynamic_value\" data-ref=\"nom_proprietaire\" data-fallback=\"\">Mr Pierre Charlier de Chily, President of Aldivia<sup>\u00a9<\/sup><\/span>, accepts no responsibility for any direct or indirect damage caused to a user&#8217;s equipment when accessing the site. <strong><span class=\"ff_dynamic_value\" data-ref=\"url\" data-fallback=\"\">https:\/\/www.aldivia.com\/<\/span><\/strong>.<\/p><p><span class=\"ff_dynamic_value\" data-ref=\"nom_proprietaire\" data-fallback=\"\">Mr Pierre Charlier de Chily, President of Aldivia<sup>\u00a9<\/sup><\/span> accepts no responsibility for the use made of any information or content published on <strong><span class=\"ff_dynamic_value\" data-ref=\"url\" data-fallback=\"\">https:\/\/www.aldivia.com\/<\/span><\/strong>.<\/p><p><span class=\"ff_dynamic_value\" data-ref=\"nom_proprietaire\" data-fallback=\"\">Mr Pierre Charlier de Chily, President of Aldivia\u00a9<\/span>, undertakes to implement all reasonable measures to ensure the security of the site. <strong><span class=\"ff_dynamic_value\" data-ref=\"url\" data-fallback=\"\">https:\/\/www.aldivia.com\/. <\/span><\/strong>However, no responsibility will be accepted should any unwanted data be imported or installed on the site without his knowledge.<\/p><p>Interactive areas (contact forms or comments sections) are available to users. <span class=\"ff_dynamic_value\" data-ref=\"nom_proprietaire\" data-fallback=\"\">Mr Pierre Charlier de Chily, President of Aldivia<sup>\u00a9<\/sup><\/span>, reserves the right to delete, without prior notice, any content posted in these areas that contravenes French legislation, in particular provisions relating to data protection.<\/p><p>Where applicable, <span class=\"ff_dynamic_value\" data-ref=\"nom_proprietaire\" data-fallback=\"\">Mr Pierre Charlier de Chily, President of Aldivia<\/span><strong><span class=\"ff_dynamic_value\" data-ref=\"nom_proprietaire\" data-fallback=\"\"><sup>\u00a9<\/sup><\/span><\/strong> also reserves the right to pursue civil and\/or criminally liability against any user, particularly in the event of content of a racist offensive, offensive, defamatory or pornographic nature, regardless of the medium used (text, photographs, etc.).<\/p>\t\t\t\t\t\t\t\t<\/div>\n\t\t\t\t<\/div>\n\t\t\t\t\t<\/div>\n\t\t\t\t<\/div>\n\t\t<div class=\"elementor-element elementor-element-3763765 e-flex e-con-boxed e-con e-parent\" data-id=\"3763765\" data-element_type=\"container\" data-e-type=\"container\">\n\t\t\t\t\t<div class=\"e-con-inner\">\n\t\t\t\t<div class=\"vamtam-has-theme-widget-styles elementor-element elementor-element-58e6646 elementor-widget elementor-widget-text-editor\" data-id=\"58e6646\" data-element_type=\"widget\" data-e-type=\"widget\" data-widget_type=\"text-editor.default\">\n\t\t\t\t<div class=\"elementor-widget-container\">\n\t\t\t\t\t\t\t\t\t<p><strong><span class=\"ff_dynamic_value\" data-ref=\"nom_proprietaire\" data-fallback=\"\">CNIL (The French data protection authority) and personal data management :<\/span><\/strong><\/p><p>In accordance with the provisions of <a href=\"https:\/\/www.legifrance.gouv.fr\/affichTexte.do?cidTexte=JORFTEXT000000886460\" target=\"_blank\" rel=\"noreferrer nofollow noopener\">Law 78-17 of January 6, 1978 as amended<\/a>, users of the site <strong><span class=\"ff_dynamic_value\" data-ref=\"url\" data-fallback=\"\">https:\/\/www.aldivia.com\/<\/span><\/strong> have the right to access, rectify and delete any information collected. To exercise this right, please contact the Data Protection Officer.<\/p><p>For more information on how we process your personal data (categories of data, purposes, recipients, etc.), please refer to our privacy policy : <a href=\"http:\/\/www.aldivia.fr\/confidentialite\/\" target=\"_blank\" rel=\"noopener\"><strong><span class=\"ff_dynamic_value\" data-ref=\"politique_confidentialite\" data-fallback=\"\">https:\/\/www.aldivia.com\/confidentialite\/<\/span><\/strong><\/a>.<\/p>\t\t\t\t\t\t\t\t<\/div>\n\t\t\t\t<\/div>\n\t\t\t\t\t<\/div>\n\t\t\t\t<\/div>\n\t\t<div class=\"elementor-element elementor-element-9519152 e-flex e-con-boxed e-con e-parent\" data-id=\"9519152\" data-element_type=\"container\" data-e-type=\"container\">\n\t\t\t\t\t<div class=\"e-con-inner\">\n\t\t\t\t<div class=\"vamtam-has-theme-widget-styles elementor-element elementor-element-acca12c elementor-widget elementor-widget-text-editor\" data-id=\"acca12c\" data-element_type=\"widget\" data-e-type=\"widget\" data-widget_type=\"text-editor.default\">\n\t\t\t\t<div class=\"elementor-widget-container\">\n\t\t\t\t\t\t\t\t\t<p><strong><span class=\"ff_dynamic_value\" data-ref=\"nom_proprietaire\" data-fallback=\"\">Hyperlinks and cookies :<\/span><\/strong><\/p><p>The website <strong><span class=\"ff_dynamic_value\" data-ref=\"url\" data-fallback=\"\">https:\/\/www.aldivia.com\/<\/span><\/strong> contains hypertext links to other sites. Aldivia\u00a9 accepts no responsibility for the content of these external links, or for any links created by third-party sites directing to <strong><span class=\"ff_dynamic_value\" data-ref=\"url\" data-fallback=\"\">https:\/\/www.aldivia.com\/<\/span><\/strong>.<\/p><p>Browsing <strong><span class=\"ff_dynamic_value\" data-ref=\"url\" data-fallback=\"\">https:\/\/www.aldivia.com\/<\/span><\/strong> may result in cookie(s) being placed on the user&#8217;s device.<\/p><p>A \u201ccookie\u201d is a small file that stores information about a user&#8217;s activity on a website. The data collected may be used, for example, to measure visitor numbers.<\/p><p>You can <strong>accept or refuse cookies<\/strong> by adjusting your browser settings. No cookies will be deposited without your consent.<\/p><p>Cookies are stored for a maximum of <span class=\"ff_dynamic_value\" data-ref=\"cookies\" data-fallback=\"\">12<\/span> months.<\/p><p>For more information on how we use cookies, please refer to our Privacy Policy. https :\/\/<strong><span class=\"ff_dynamic_value\" data-ref=\"politique_confidentialite\" data-fallback=\"\">www.aldivia.com\/privacy-policy\/<\/span><\/strong>.<\/p>\t\t\t\t\t\t\t\t<\/div>\n\t\t\t\t<\/div>\n\t\t\t\t\t<\/div>\n\t\t\t\t<\/div>\n\t\t<div class=\"elementor-element elementor-element-ae68839 e-flex e-con-boxed e-con e-parent\" data-id=\"ae68839\" data-element_type=\"container\" data-e-type=\"container\">\n\t\t\t\t\t<div class=\"e-con-inner\">\n\t\t\t\t<div class=\"vamtam-has-theme-widget-styles elementor-element elementor-element-6b23651 elementor-widget elementor-widget-text-editor\" data-id=\"6b23651\" data-element_type=\"widget\" data-e-type=\"widget\" data-widget_type=\"text-editor.default\">\n\t\t\t\t<div class=\"elementor-widget-container\">\n\t\t\t\t\t\t\t\t\t<p><strong><span class=\"ff_dynamic_value\" data-ref=\"nom_proprietaire\" data-fallback=\"\">Applicable law and jurisdiction :<\/span><\/strong><\/p><p>Any dispute relating to the use of the site <strong><span class=\"ff_dynamic_value\" data-ref=\"url\" data-fallback=\"\">https:\/\/www.aldivia.com\/<\/span><\/strong> will be governed by French law. Unless required by the applicable laws, exclusive jurisdiction is hereby attributed to the competent courts of Lyon.<\/p>\t\t\t\t\t\t\t\t<\/div>\n\t\t\t\t<\/div>\n\t\t\t\t\t<\/div>\n\t\t\t\t<\/div>\n\t\t\t\t<\/div>\n\t\t","protected":false},"excerpt":{"rendered":"<p>Legal Notice Site publication: Pursuant to article 6 of Law no. 2004-575 of June 21, 2004 on confidence in the digital economy, users of the website https:\/\/www.aldivia.com\/ are hereby informed that the parties involved in its creation and operation are as follows : Site owner : Mr Pierre Charlier de Chily, pr\u00e9sident de la soci\u00e9t\u00e9&#8230;<\/p>\n","protected":false},"author":1,"featured_media":0,"parent":0,"menu_order":0,"comment_status":"closed","ping_status":"closed","template":"","meta":{"_acf_changed":false,"footnotes":""},"class_list":["post-998784","page","type-page","status-publish","hentry"],"acf":[],"_links":{"self":[{"href":"https:\/\/www.aldivia.com\/en\/wp-json\/wp\/v2\/pages\/998784","targetHints":{"allow":["GET"]}}],"collection":[{"href":"https:\/\/www.aldivia.com\/en\/wp-json\/wp\/v2\/pages"}],"about":[{"href":"https:\/\/www.aldivia.com\/en\/wp-json\/wp\/v2\/types\/page"}],"author":[{"embeddable":true,"href":"https:\/\/www.aldivia.com\/en\/wp-json\/wp\/v2\/users\/1"}],"replies":[{"embeddable":true,"href":"https:\/\/www.aldivia.com\/en\/wp-json\/wp\/v2\/comments?post=998784"}],"version-history":[{"count":3,"href":"https:\/\/www.aldivia.com\/en\/wp-json\/wp\/v2\/pages\/998784\/revisions"}],"predecessor-version":[{"id":1002462,"href":"https:\/\/www.aldivia.com\/en\/wp-json\/wp\/v2\/pages\/998784\/revisions\/1002462"}],"wp:attachment":[{"href":"https:\/\/www.aldivia.com\/en\/wp-json\/wp\/v2\/media?parent=998784"}],"curies":[{"name":"wp","href":"https:\/\/api.w.org\/{rel}","templated":true}]}}